{"id":64,"date":"2018-08-10T12:25:42","date_gmt":"2018-08-10T10:25:42","guid":{"rendered":"http:\/\/wilestranslations.de\/?page_id=64"},"modified":"2021-02-25T23:29:14","modified_gmt":"2021-02-25T22:29:14","slug":"haftungsausschluss","status":"publish","type":"page","link":"https:\/\/wilestranslations.de\/de\/haftungsausschluss\/","title":{"rendered":"Haftungsausschluss"},"content":{"rendered":"[et_pb_section admin_label=&#8220;section&#8220;]\n\t\t\t[et_pb_row admin_label=&#8220;row&#8220;]\n\t\t\t\t[et_pb_column type=&#8220;4_4&#8243;][et_pb_text admin_label=&#8220;Text&#8220;]\n<p><strong>1.\nInhalt des Onlineangebotes<\/strong><\/p>\n\n\n\n<p>Der\n\u00dcbersetzer \u00fcbernimmt keinerlei Gew\u00e4hr f\u00fcr die Aktualit\u00e4t,\nKorrektheit, Vollst\u00e4ndigkeit oder Qualit\u00e4t der bereitgestellten\nInformationen. Haftungsanspr\u00fcche gegen den \u00dcbersetzer, welche sich\nauf Sch\u00e4den materieller oder ideeller Art beziehen, die durch die\nNutzung oder Nichtnutzung der dargebotenen Informationen bzw. durch\ndie Nutzung fehlerhafter und unvollst\u00e4ndiger Informationen\nverursacht wurden, sind grunds\u00e4tzlich ausgeschlossen, sofern seitens\ndes \u00dcbersetzers kein nachweislich vors\u00e4tzliches oder grob\nfahrl\u00e4ssiges Verschulden vorliegt.<\/p>\n\n\n\n<p>Alle\nAngebote sind freibleibend und unverbindlich. Der \u00dcbersetzer beh\u00e4lt\nes sich ausdr\u00fccklich vor, Teile der Seiten oder das gesamte Angebot\nohne gesonderte Ank\u00fcndigung zu ver\u00e4ndern, zu erg\u00e4nzen, zu l\u00f6schen\noder die Ver\u00f6ffentlichung zeitweise oder endg\u00fcltig einzustellen. \n<\/p>\n\n\n\n<p><strong>2.\nVerweise und Links<\/strong><\/p>\n\n\n\n<p>Mit\ndem Urteil vom 12. Mai 1998 hat das Landgericht Hamburg entschieden,\ndass man durch die Aufnahme von Querverweisen auf fremde dritte\nInhalte (sog. Hyperlinks, Links) die Inhalte der gelinkten Seite\ngegebenenfalls mit zu verantworten hat. Dieses ist nicht der Fall,\nwenn man sich ausdr\u00fccklich von den Inhalten der gelinkten Seiten\ndistanziert. Da ich einige Links zu anderen Webseiten f\u00fchre, erkl\u00e4re\nich hiermit: Alle von mir gelinkten Seiten sind sorgf\u00e4ltig\nrecherchiert und werden regelm\u00e4\u00dfig \u00fcberpr\u00fcft. Ich erkl\u00e4re\nausdr\u00fccklich, dass zum\nZeitpunkt der Linksetzung die entsprechenden verlinkten Seiten frei\nvon illegalen Inhalten waren.\nDa Webseiten einem st\u00e4ndigen Wandel unterliegen, lehne ich jede\nVerantwortung f\u00fcr den Inhalt dieser Seiten ab. Diese Erkl\u00e4rung gilt\nf\u00fcr alle Links von http:\/\/www.wilestrans.com, die nicht auf eine\nmeiner eigenen Seiten verweisen. Sollte ich davon Kenntnis erhalten,\ndass die Inhalte gegen geltendes Recht versto\u00dfen, werden diese Links\nsofort entfernt. Der Eigner der genutzten Datenleitung haftet f\u00fcr\nden Missbrauch.<\/p>\n\n\n\n<p><br\/><strong>3.\nUrheber- und Kennzeichenrecht<\/strong><\/p>\n\n\n\n<p>Der\n\u00dcbersetzer ist bestrebt, in allen Publikationen, die Urheberrechte\nder verwendeten Grafiken, Tondokumente, Videosequenzen und Texte zu\nbeachten, von ihm selbst erstellte Grafiken, Tondokumente,\nVideosequenzen und Texte zu nutzen oder auf lizenzfreie Grafiken,\nTondokumente, Videosequenzen und Texte zur\u00fcckzugreifen.<br\/>Alle\ninnerhalb des Internetangebotes genannten und ggf. durch Dritte\ngesch\u00fctzten Marken- und Warenzeichen unterliegen uneingeschr\u00e4nkt\nden Bestimmungen des jeweils g\u00fcltigen Kennzeichenrechts und den\nBesitzrechten der jeweiligen eingetragenen Eigent\u00fcmer. Allein\naufgrund der blo\u00dfen Nennung ist nicht der Schluss zu ziehen, dass\nMarkenzeichen nicht durch Rechte Dritter gesch\u00fctzt sind !<br\/>Das\nCopyright f\u00fcr ver\u00f6ffentlichte, vom \u00dcbersetzer selbst erstellte\nObjekte bleibt allein beim \u00dcbersetzer der Seiten. Eine\nVervielf\u00e4ltigung oder Verwendung solcher Grafiken, Tondokumente,\nVideosequenzen und Texte in anderen elektronischen oder gedruckten\nPublikationen ist ohne ausdr\u00fcckliche Zustimmung des \u00dcbersetzers\nnicht gestattet.<\/p>\n\n\n\n<p><strong>4.\nRechtswirksamkeit dieses Haftungsausschlusses<\/strong><\/p>\n\n\n\n<p>Dieser\nHaftungsausschluss ist als Teil des Internetangebotes zu betrachten,\nvon dem aus auf diese Seite verwiesen wurde. Sofern Teile oder\neinzelne Formulierungen dieses Textes der geltenden Rechtslage nicht,\nnicht mehr oder nicht vollst\u00e4ndig entsprechen sollten, bleiben die\n\u00fcbrigen Teile des Dokumentes in ihrem Inhalt und ihrer G\u00fcltigkeit\ndavon unber\u00fchrt.<\/p>\n[\/et_pb_text][\/et_pb_column]\n\t\t\t[\/et_pb_row]\n\t\t[\/et_pb_section]","protected":false},"excerpt":{"rendered":"<p>[et_pb_section admin_label=&#8220;section&#8220;] [et_pb_row admin_label=&#8220;row&#8220;] [et_pb_column type=&#8220;4_4&#8243;][et_pb_text admin_label=&#8220;Text&#8220;] 1. Inhalt des Onlineangebotes Der \u00dcbersetzer \u00fcbernimmt keinerlei Gew\u00e4hr f\u00fcr die Aktualit\u00e4t, Korrektheit, Vollst\u00e4ndigkeit oder Qualit\u00e4t der bereitgestellten Informationen. Haftungsanspr\u00fcche gegen den \u00dcbersetzer, welche sich auf Sch\u00e4den materieller oder ideeller Art beziehen, die durch die Nutzung oder Nichtnutzung der dargebotenen Informationen bzw. durch die Nutzung fehlerhafter und unvollst\u00e4ndiger [&hellip;]<\/p>\n","protected":false},"author":1,"featured_media":0,"parent":0,"menu_order":0,"comment_status":"closed","ping_status":"closed","template":"page-full.php","meta":{"footnotes":""},"class_list":["post-64","page","type-page","status-publish","hentry"],"_links":{"self":[{"href":"https:\/\/wilestranslations.de\/de\/wp-json\/wp\/v2\/pages\/64","targetHints":{"allow":["GET"]}}],"collection":[{"href":"https:\/\/wilestranslations.de\/de\/wp-json\/wp\/v2\/pages"}],"about":[{"href":"https:\/\/wilestranslations.de\/de\/wp-json\/wp\/v2\/types\/page"}],"author":[{"embeddable":true,"href":"https:\/\/wilestranslations.de\/de\/wp-json\/wp\/v2\/users\/1"}],"replies":[{"embeddable":true,"href":"https:\/\/wilestranslations.de\/de\/wp-json\/wp\/v2\/comments?post=64"}],"version-history":[{"count":4,"href":"https:\/\/wilestranslations.de\/de\/wp-json\/wp\/v2\/pages\/64\/revisions"}],"predecessor-version":[{"id":202,"href":"https:\/\/wilestranslations.de\/de\/wp-json\/wp\/v2\/pages\/64\/revisions\/202"}],"wp:attachment":[{"href":"https:\/\/wilestranslations.de\/de\/wp-json\/wp\/v2\/media?parent=64"}],"curies":[{"name":"wp","href":"https:\/\/api.w.org\/{rel}","templated":true}]}}