{"id":31,"date":"2018-08-09T18:09:21","date_gmt":"2018-08-09T16:09:21","guid":{"rendered":"http:\/\/wilestranslations.de\/?page_id=31"},"modified":"2018-08-10T17:40:21","modified_gmt":"2018-08-10T15:40:21","slug":"impressum","status":"publish","type":"page","link":"https:\/\/wilestranslations.de\/de\/impressum\/","title":{"rendered":"Impressum"},"content":{"rendered":"\n<p><br\/>Hinweise\ngem. \u00a7 5 des Teledienstegesetzes (TDG) vom 1. M\u00e4rz 2007:<\/p>\n\n\n\n<table class=\"wp-block-table\"><tbody><tr><td>\n\t\t\tPostanschrift:\n\t\t<\/td><td>\n\t\t\t<br\/>\n\t\t\t\n\t\t<\/td><td>\n\t\t\t<strong>Wilestranslations\n\t\t\t\u2013 The Translation Company<\/strong>\n\t\t<\/td><\/tr><tr><td>\n\t\t\t<br\/>\n\t\t\t\n\t\t<\/td><td>\n\t\t\t<br\/>\n\t\t\t\n\t\t<\/td><td>\n\t\t\tRonald\n\t\t\tWiles\n\t\t<\/td><\/tr><tr><td>\n\t\t\t<br\/>\n\t\t\t\n\t\t<\/td><td>\n\t\t\t<br\/>\n\t\t\t\n\t\t<\/td><td>\n\t\t\tSch\u00fctzenweg\n\t\t\t2\n\t\t<\/td><\/tr><tr><td>\n\t\t\t<br\/>\n\t\t\t\n\t\t<\/td><td>\n\t\t\t<br\/>\n\t\t\t\n\t\t<\/td><td>\n\t\t\tD-83671\n\t\t\tBenediktbeuern\n\t\t<\/td><\/tr><tr><td>\n\t\t\t<br\/>\n\t\t\t\n\t\t<\/td><td>\n\t\t\t<br\/>\n\t\t\t\n\t\t<\/td><td>\n\t\t\t<br\/>\n\t\t\t\n\t\t<\/td><\/tr><tr><td>\n\t\t\tTelefon:\n\t\t<\/td><td>\n\t\t\t<br\/>\n\t\t\t\n\t\t<\/td><td>\n\t\t\t+49\n\t\t\t(8857) 8552\n\t\t<\/td><\/tr><tr><td>\n\t\t\tTelefax:\n\t\t<\/td><td>\n\t\t\t<br\/>\n\t\t\t\n\t\t<\/td><td>\n\t\t\t+49\n\t\t\t(322) 23 75 54 25\n\t\t<\/td><\/tr><tr><td>\n\t\t\tEmail:\n\t\t<\/td><td>\n\t\t\t<br\/>\n\t\t\t\n\t\t<\/td><td>\n\t\t\t<a href=\"mailto:wilestrans@t-online.de\">wilestrans@t-online.de<\/a>\n\t\t<\/td><\/tr><tr><td>\n\t\t\t<br\/>\n\t\t\t\n\t\t<\/td><td>\n\t\t\t<br\/>\n\t\t\t\n\t\t<\/td><td>\n\t\t\t<br\/>\n\t\t\t\n\t\t<\/td><\/tr><tr><td>\n\t\t\tVerantwortlich\n\t\t\tf\u00fcr den Inhalt:\n\t\t<\/td><td>\n\t\t\t<br\/>\n\t\t\t\n\t\t<\/td><td>\n\t\t\tRonald\n\t\t\tWiles\n\t\t<\/td><\/tr><tr><td>\n\t\t\t<br\/>\n\t\t\t\n\t\t<\/td><td>\n\t\t\t<br\/>\n\t\t\t\n\t\t<\/td><td>\n\t\t\t<br\/>\n\t\t\t\n\t\t<\/td><\/tr><tr><td>\n\t\t\tUmsatzsteuer-Identifikations-nummer\n\t\t\tgem\u00e4\u00df \u00a7 27 a Umsatzsteuergesetz:\n\t\t<\/td><td>\n\t\t\t<br\/>\n\t\t\t\n\t\t<\/td><td>\n\t\t\tDE\n\t\t\t161.836.543\n\t\t<\/td><\/tr><tr><td>\n\t\t\t<br\/>\n\t\t\t\n\t\t<\/td><td>\n\t\t\t<br\/>\n\t\t\t\n\t\t<\/td><td>\n\t\t\t<br\/>\n\t\t\t\n\t\t<\/td><\/tr><\/tbody><\/table>\n\n\n\n<p><br\/>Copyright\n\u00a9 2018 &#8211; Alle Rechte vorbehalten. \n<\/p>\n\n\n\n<p>Die\nauf der Website verwendeten Texte, Bilder, Grafiken, Dateien usw.\nunterliegen dem Urheberrecht und anderen Gesetzen zum Schutz des\ngeistigen Eigentums. Ihre Weitergabe, Ver\u00e4nderung, gewerbliche\nNutzung oder Verwendung in anderen Websites oder Medien ist nicht\ngestattet. F\u00fcr alle von Wilestranslations in der Website\ndargestellten Bilder gilt: Jegliche Nutzung von Bildern und Bildideen\nist nur mit vorheriger schriftlicher Genehmigung durch\nWilestranslations erlaubt. Bei unberechtigter Bildverwendung wird\nvorbehaltlich der Geltendmachung von Schadenersatzanspr\u00fcchen ein\nMindesthonorar in 5-facher H\u00f6he des \u00fcblichen Nutzungshonorars\nf\u00e4llig.<\/p>\n","protected":false},"excerpt":{"rendered":"<p>Hinweise gem. \u00a7 5 des Teledienstegesetzes (TDG) vom 1. M\u00e4rz 2007: Postanschrift: Wilestranslations \u2013 The Translation Company Ronald Wiles Sch\u00fctzenweg 2 D-83671 Benediktbeuern Telefon: +49 (8857) 8552 Telefax: +49 (322) 23 75 54 25 Email: wilestrans@t-online.de Verantwortlich f\u00fcr den Inhalt: Ronald Wiles Umsatzsteuer-Identifikations-nummer gem\u00e4\u00df \u00a7 27 a Umsatzsteuergesetz: DE 161.836.543 Copyright \u00a9 2018 &#8211; Alle [&hellip;]<\/p>\n","protected":false},"author":1,"featured_media":0,"parent":0,"menu_order":0,"comment_status":"closed","ping_status":"closed","template":"page-full.php","meta":{"footnotes":""},"class_list":["post-31","page","type-page","status-publish","hentry"],"_links":{"self":[{"href":"https:\/\/wilestranslations.de\/de\/wp-json\/wp\/v2\/pages\/31","targetHints":{"allow":["GET"]}}],"collection":[{"href":"https:\/\/wilestranslations.de\/de\/wp-json\/wp\/v2\/pages"}],"about":[{"href":"https:\/\/wilestranslations.de\/de\/wp-json\/wp\/v2\/types\/page"}],"author":[{"embeddable":true,"href":"https:\/\/wilestranslations.de\/de\/wp-json\/wp\/v2\/users\/1"}],"replies":[{"embeddable":true,"href":"https:\/\/wilestranslations.de\/de\/wp-json\/wp\/v2\/comments?post=31"}],"version-history":[{"count":5,"href":"https:\/\/wilestranslations.de\/de\/wp-json\/wp\/v2\/pages\/31\/revisions"}],"predecessor-version":[{"id":146,"href":"https:\/\/wilestranslations.de\/de\/wp-json\/wp\/v2\/pages\/31\/revisions\/146"}],"wp:attachment":[{"href":"https:\/\/wilestranslations.de\/de\/wp-json\/wp\/v2\/media?parent=31"}],"curies":[{"name":"wp","href":"https:\/\/api.w.org\/{rel}","templated":true}]}}