{"id":13,"date":"2018-08-09T18:05:51","date_gmt":"2018-08-09T16:05:51","guid":{"rendered":"http:\/\/wilestranslations.de\/?page_id=13"},"modified":"2018-08-10T12:46:38","modified_gmt":"2018-08-10T10:46:38","slug":"angebotsanforderung","status":"publish","type":"page","link":"https:\/\/wilestranslations.de\/de\/angebotsanforderung\/","title":{"rendered":"Angebotsanforderung"},"content":{"rendered":"\n<p>\n<strong>Kontaktformular<\/strong><\/p>\n\n\n\n<p>\nIch freue mich auf\nIhre Anfrage.<\/p>\n\n\n\n<p>\nDie Angaben in den\nmit * gekennzeichneten Feldern sind zur Bearbeitung Ihrer Anfrage\nerforderlich !<\/p>\n\n\n\n<p>Firma\n\n<\/p>\n\n\n\n<p><br\/>Name*<\/p>\n\n\n\n<p>Adresse\n\n<\/p>\n\n\n\n<p>Telefon<\/p>\n\n\n\n<p>E-Mail*<\/p>\n\n\n\n<p>Nachricht\n\n<\/p>\n\n\n\n<p>Ausgangssprache\n\n<\/p>\n\n\n\n<p>Zielsprache<\/p>\n\n\n\n<p>\u00dcbersetzungsdatei\n\n<\/p>\n\n\n\n<p> Keine\nDatei ausw\u00e4hlen.<\/p>\n\n\n\n<p>Nur\neine Datei. Unterst\u00fctzte Formate: txt, doc, docx, zip, pdf. \n<\/p>\n\n\n\n<table class=\"wp-block-table\"><tbody><tr><td>\n\t\t\tAbsenden\n\t\t<\/td><td>\n\t\t\tVorschau\n\t\t<\/td><\/tr><\/tbody><\/table>\n","protected":false},"excerpt":{"rendered":"<p>Kontaktformular Ich freue mich auf Ihre Anfrage. Die Angaben in den mit * gekennzeichneten Feldern sind zur Bearbeitung Ihrer Anfrage erforderlich ! Firma Name* Adresse Telefon E-Mail* Nachricht Ausgangssprache Zielsprache \u00dcbersetzungsdatei Keine Datei ausw\u00e4hlen. Nur eine Datei. Unterst\u00fctzte Formate: txt, doc, docx, zip, pdf. Absenden Vorschau<\/p>\n","protected":false},"author":1,"featured_media":0,"parent":0,"menu_order":0,"comment_status":"closed","ping_status":"closed","template":"page-full.php","meta":{"footnotes":""},"class_list":["post-13","page","type-page","status-publish","hentry"],"_links":{"self":[{"href":"https:\/\/wilestranslations.de\/de\/wp-json\/wp\/v2\/pages\/13","targetHints":{"allow":["GET"]}}],"collection":[{"href":"https:\/\/wilestranslations.de\/de\/wp-json\/wp\/v2\/pages"}],"about":[{"href":"https:\/\/wilestranslations.de\/de\/wp-json\/wp\/v2\/types\/page"}],"author":[{"embeddable":true,"href":"https:\/\/wilestranslations.de\/de\/wp-json\/wp\/v2\/users\/1"}],"replies":[{"embeddable":true,"href":"https:\/\/wilestranslations.de\/de\/wp-json\/wp\/v2\/comments?post=13"}],"version-history":[{"count":2,"href":"https:\/\/wilestranslations.de\/de\/wp-json\/wp\/v2\/pages\/13\/revisions"}],"predecessor-version":[{"id":84,"href":"https:\/\/wilestranslations.de\/de\/wp-json\/wp\/v2\/pages\/13\/revisions\/84"}],"wp:attachment":[{"href":"https:\/\/wilestranslations.de\/de\/wp-json\/wp\/v2\/media?parent=13"}],"curies":[{"name":"wp","href":"https:\/\/api.w.org\/{rel}","templated":true}]}}