{"id":11,"date":"2018-08-09T18:05:50","date_gmt":"2018-08-09T16:05:50","guid":{"rendered":"http:\/\/wilestranslations.de\/?page_id=11"},"modified":"2018-08-10T17:31:27","modified_gmt":"2018-08-10T15:31:27","slug":"tipps-und-nuetzliche-links","status":"publish","type":"page","link":"https:\/\/wilestranslations.de\/de\/tipps-und-nuetzliche-links\/","title":{"rendered":"Tipps und n\u00fctzliche Links"},"content":{"rendered":"\n<p><strong>Unser\nTipp<\/strong><\/p>\n\n\n\n<p>\nDer Bundesverband der\nDolmetscher und \u00dcbersetzer (BD\u00dc) hat f\u00fcr Auftraggeber\nInformationen zur Auftragsvergabe bereitgestellt\n(<a href=\"https:\/\/bdue.de\/fuer-auftraggeber\/auftragsvergabe\/preisgestaltung\/\">https:\/\/bdue.de\/fuer-auftraggeber\/auftragsvergabe\/preisgestaltung\/<\/a>).<\/p>\n\n\n\n<p><strong>Links<\/strong><\/p>\n\n\n\n<p>Hier\nfinden Sie verschiedene Links, die sich u. a. mit Texten und deren\nVerarbeitung befassen. \n<\/p>\n\n\n\n<p><strong>Abk\u00fcrzungen:<\/strong><\/p>\n\n\n\n<figure class=\"wp-block-embed aligncenter\">\nhttp:\/\/www.acronymfinder.com\n<\/figure>\n\n\n\n<figure class=\"wp-block-embed\">\nhttp:\/\/www.abkuerzungen.de\n<\/figure>\n\n\n\n<p><strong>Recht\nder Europ\u00e4ischen Union: <\/strong>\n<\/p>\n\n\n\n<figure class=\"wp-block-embed\">\nhttps:\/\/eur-lex.europa.eu\/de\/\n<\/figure>\n\n\n\n<p><strong>W\u00f6rterb\u00fccher:<\/strong><\/p>\n\n\n\n<figure class=\"wp-block-embed\">\nhttp:\/\/dict.tu-chemnitz.de\n<\/figure>\n\n\n\n<figure class=\"wp-block-embed\">\nhttp:\/\/www.dict.cc\n<\/figure>\n\n\n\n<figure class=\"wp-block-embed\">\nhttp:\/\/iate.europa.eu\n<\/figure>\n\n\n\n<figure class=\"wp-block-embed\">\nhttp:\/\/www.larousse.fr\/dictionnaires\/francais-allemand\n<\/figure>\n\n\n\n<figure class=\"wp-block-embed\">\nhttp:\/\/dict.leo.org\n<\/figure>\n\n\n\n<figure class=\"wp-block-embed\">\nhttp:\/\/www.linguee.de\n<\/figure>\n\n\n\n<figure class=\"wp-block-embed\">\nhttp:\/\/de.pons.com\n<\/figure>\n\n\n\n<figure class=\"wp-block-embed\">\nhttps:\/\/www.tausdata.org\n<\/figure>\n\n\n\n<figure class=\"wp-block-embed\">\nhttp:\/\/www.duden.de\/woerterbuch\n<\/figure>\n\n\n\n<p><strong>Wortschatz\nund Synonyme:<\/strong><\/p>\n\n\n\n<figure class=\"wp-block-embed\">\nhttp:\/\/www.duden.de\n<\/figure>\n\n\n\n<figure class=\"wp-block-embed\">\nhttp:\/\/wortschatz.informatik.uni-leipzig.de\n<\/figure>\n\n\n\n<p><strong>Wichtiger\nHinweis zu allen Links auf diesen Webseiten: <\/strong>\n<\/p>\n\n\n\n<p>Mit\nUrteil vom 12. Mai 1998 &#8211; 312 O 85\/98 &#8211; hat das Landgericht Hamburg\nentschieden, dass man durch die Anbringung eines Links die Inhalte\nder gelinkten Seite ggf. mit zu verantworten hat. Dies kann nur\ndadurch verhindert werden, dass man sich ausdr\u00fccklich von diesen\nInhalten distanziert. Hiermit distanziere ich mich ausdr\u00fccklich von\nden Inhalten aller Links auf meiner Webseite. \n<\/p>\n","protected":false},"excerpt":{"rendered":"<p>Unser Tipp Der Bundesverband der Dolmetscher und \u00dcbersetzer (BD\u00dc) hat f\u00fcr Auftraggeber Informationen zur Auftragsvergabe bereitgestellt (https:\/\/bdue.de\/fuer-auftraggeber\/auftragsvergabe\/preisgestaltung\/). Links Hier finden Sie verschiedene Links, die sich u. a. mit Texten und deren Verarbeitung befassen. Abk\u00fcrzungen: Recht der Europ\u00e4ischen Union: W\u00f6rterb\u00fccher: Wortschatz und Synonyme: Wichtiger Hinweis zu allen Links auf diesen Webseiten: Mit Urteil vom 12. Mai [&hellip;]<\/p>\n","protected":false},"author":1,"featured_media":0,"parent":0,"menu_order":0,"comment_status":"closed","ping_status":"closed","template":"page-full.php","meta":{"footnotes":""},"class_list":["post-11","page","type-page","status-publish","hentry"],"_links":{"self":[{"href":"https:\/\/wilestranslations.de\/de\/wp-json\/wp\/v2\/pages\/11","targetHints":{"allow":["GET"]}}],"collection":[{"href":"https:\/\/wilestranslations.de\/de\/wp-json\/wp\/v2\/pages"}],"about":[{"href":"https:\/\/wilestranslations.de\/de\/wp-json\/wp\/v2\/types\/page"}],"author":[{"embeddable":true,"href":"https:\/\/wilestranslations.de\/de\/wp-json\/wp\/v2\/users\/1"}],"replies":[{"embeddable":true,"href":"https:\/\/wilestranslations.de\/de\/wp-json\/wp\/v2\/comments?post=11"}],"version-history":[{"count":5,"href":"https:\/\/wilestranslations.de\/de\/wp-json\/wp\/v2\/pages\/11\/revisions"}],"predecessor-version":[{"id":140,"href":"https:\/\/wilestranslations.de\/de\/wp-json\/wp\/v2\/pages\/11\/revisions\/140"}],"wp:attachment":[{"href":"https:\/\/wilestranslations.de\/de\/wp-json\/wp\/v2\/media?parent=11"}],"curies":[{"name":"wp","href":"https:\/\/api.w.org\/{rel}","templated":true}]}}